{"id":61,"date":"2021-01-15T22:01:53","date_gmt":"2021-01-15T15:01:53","guid":{"rendered":"https:\/\/2020.envisafety.com\/vi201\/?page_id=61"},"modified":"2021-04-15T16:40:56","modified_gmt":"2021-04-15T09:40:56","slug":"dieu-kien-su-dung","status":"publish","type":"page","link":"https:\/\/2020.envisafety.com\/vi201\/dieu-kien-su-dung","title":{"rendered":"\u0110i\u1ec1u ki\u1ec7n s\u1eed d\u1ee5ng"},"content":{"rendered":"<div id=\"tdi_1_2a9\" class=\"tdc-zone\"><div class=\"tdc_zone tdi_2_92c  wpb_row td-pb-row\"  >\n<style scoped>\n\n\/* custom css *\/\n.tdi_2_92c{\r\n                    min-height: 0;\r\n                }\n<\/style><div id=\"tdi_3_01b\" class=\"tdc-row stretch_row\"><div class=\"vc_row tdi_4_a29  wpb_row td-pb-row tdc-element-style\" >\n<style scoped>\n\n\/* custom css *\/\n.tdi_4_a29,\r\n                .tdi_4_a29 .tdc-columns{\r\n                    min-height: 0;\r\n                }.tdi_4_a29,\r\n\t\t\t\t.tdi_4_a29 .tdc-columns{\r\n\t\t\t\t    display: block;\r\n\t\t\t\t}.tdi_4_a29 .tdc-columns{\r\n\t\t\t\t    width: 100%;\r\n\t\t\t\t}\n\/* inline tdc_css att *\/\n\n.tdi_4_a29{\nposition:relative;\n}\n\n.tdi_4_a29 .td_block_wrap{ text-align:left }\n\n<\/style>\n<div class=\"tdi_3_01b_rand_style td-element-style\" ><style> \n.tdi_3_01b_rand_style::after {\ncontent:'' !important;\nwidth:100% !important;\nheight:100% !important;\nposition:absolute !important;\ntop:0 !important;\nleft:0 !important;\nz-index:0 !important;\ndisplay:block !important;\nbackground: linear-gradient(90deg,#f4f4f4, #ffffff) !important;\n}\n<\/style><\/div><div class=\"vc_column tdi_6_a9a  wpb_column vc_column_container tdc-column td-pb-span12\">\n<style scoped>\n\n\/* custom css *\/\n.tdi_6_a9a{\r\n                    vertical-align: baseline;\r\n                }.tdi_6_a9a > .wpb_wrapper,\r\n\t\t\t\t.tdi_6_a9a > .wpb_wrapper > .tdc-elements{\r\n\t\t\t\t    display: block;\r\n\t\t\t\t}.tdi_6_a9a > .wpb_wrapper > .tdc-elements{\r\n\t\t\t\t    width: 100%;\r\n\t\t\t\t}.tdi_6_a9a > .wpb_wrapper{\r\n\t\t\t\t    width: auto;\r\n\t\t\t\t    height: auto;\r\n\t\t\t\t}\n<\/style><div class=\"wpb_wrapper\"><div class=\"td_block_wrap tdb_breadcrumbs tdi_7_e44 td-pb-border-top td_block_template_1 tdb-breadcrumbs \"  data-td-block-uid=\"tdi_7_e44\" >\n<style>\n\n\/* inline tdc_css att *\/\n\n.tdi_7_e44{\nmargin-bottom:0px !important;\npadding-top:5px !important;\npadding-bottom:5px !important;\n}\n\n<\/style>\n<style>\n\/* custom css *\/\n.tdi_7_e44 .tdb-bread-sep{\r\n                    font-size: 8px;\r\n                \r\n                    margin: 0 5px;\r\n                }.tdi_7_e44,\r\n\t\t\t\t.tdi_7_e44 a{\r\n\t\t\t\t\tcolor: #999999;\r\n\t\t\t\t}.tdi_7_e44 a:hover{\r\n\t\t\t\t\tcolor: #679966;\r\n\t\t\t\t}.td-theme-wrap .tdi_7_e44{\r\n\t\t\t\t\ttext-align: left;\r\n\t\t\t\t}.tdi_7_e44{\r\n\t\t\t\t\tfont-family:Tahoma, Verdana, Geneva !important;font-size:14px !important;font-weight:400 !important;\r\n\t\t\t\t}\n<\/style><div class=\"tdb-block-inner td-fix-index\"><span><a title=\"\" class=\"tdb-entry-crumb\" href=\"https:\/\/2020.envisafety.com\/vi201\/\">ATMT<\/a><\/span> <i class=\"td-icon-right tdb-bread-sep tdb-bred-no-url-last\"><\/i> <span class=\"tdb-bred-no-url-last\">Sample Page<\/span><\/div><\/div><script type=\"application\/ld+json\">\r\n                        {\r\n                            \"@context\": \"http:\/\/schema.org\",\r\n                            \"@type\": \"BreadcrumbList\",\r\n                            \"itemListElement\": [{\r\n                            \"@type\": \"ListItem\",\r\n                            \"position\": 1,\r\n                                \"item\": {\r\n                                \"@type\": \"WebSite\",\r\n                                \"@id\": \"https:\/\/2020.envisafety.com\/vi201\/\",\r\n                                \"name\": \"Trang ch\u1ee7\"                                               \r\n                            }\r\n                        },{\r\n                            \"@type\": \"ListItem\",\r\n                            \"position\": 2,\r\n                                \"item\": {\r\n                                \"@type\": \"WebPage\",\r\n                                \"@id\": \"\",\r\n                                \"name\": \"Sample Page\"\r\n                            }\r\n                        }    ]\r\n                        }\r\n                       <\/script><\/div><\/div><\/div><\/div><div id=\"tdi_8_22a\" class=\"tdc-row\"><div class=\"vc_row tdi_9_546  wpb_row td-pb-row\" >\n<style scoped>\n\n\/* custom css *\/\n.tdi_9_546,\r\n                .tdi_9_546 .tdc-columns{\r\n                    min-height: 0;\r\n                }.tdi_9_546,\r\n\t\t\t\t.tdi_9_546 .tdc-columns{\r\n\t\t\t\t    display: block;\r\n\t\t\t\t}.tdi_9_546 .tdc-columns{\r\n\t\t\t\t    width: 100%;\r\n\t\t\t\t}\n<\/style><div class=\"vc_column tdi_11_211  wpb_column vc_column_container tdc-column td-pb-span12\">\n<style scoped>\n\n\/* custom css *\/\n.tdi_11_211{\r\n                    vertical-align: baseline;\r\n                }.tdi_11_211 > .wpb_wrapper,\r\n\t\t\t\t.tdi_11_211 > .wpb_wrapper > .tdc-elements{\r\n\t\t\t\t    display: block;\r\n\t\t\t\t}.tdi_11_211 > .wpb_wrapper > .tdc-elements{\r\n\t\t\t\t    width: 100%;\r\n\t\t\t\t}.tdi_11_211 > .wpb_wrapper{\r\n\t\t\t\t    width: auto;\r\n\t\t\t\t    height: auto;\r\n\t\t\t\t}\n<\/style><div class=\"wpb_wrapper\"><div class=\"td_block_wrap tdb_title tdi_12_562 tdb-page-title td-pb-border-top td_block_template_1\"  data-td-block-uid=\"tdi_12_562\" >\n<style>\n\n\/* inline tdc_css att *\/\n\n.tdi_12_562{\nmargin-top:20px !important;\n}\n\n<\/style>\n<style>\n\/* custom css *\/\n.tdi_12_562 .tdb-title-text{\r\n\t\t\t\t\tbackground-color: #679966;\r\n\t\t\t\t\t-webkit-background-clip: text;\r\n\t\t\t\t\t-webkit-text-fill-color: transparent;\r\n\t\t\t\t\r\n\t\t\t\t\tfont-family:Lora !important;font-size:32px !important;font-weight:700 !important;\r\n\t\t\t\t}html[class*='ie'] .tdi_12_562 .tdb-title-text{\r\n\t\t\t\t    background: none;\r\n\t\t\t\t\tcolor: #679966;\r\n\t\t\t\t}.tdi_12_562 .tdb-add-text{\r\n\t\t\t\t\tbackground-color: #999999;\r\n\t\t\t\t\t-webkit-background-clip: text;\r\n\t\t\t\t\t-webkit-text-fill-color: transparent;\r\n\t\t\t\t\r\n\t\t\t\t\tfont-family:Lora !important;font-size:16px !important;\r\n\t\t\t\t}html[class*='ie'] .tdi_12_562 .tdb-add-text{\r\n\t\t\t\t    background: none;\r\n\t\t\t\t\tcolor: #999999;\r\n\t\t\t\t}.tdi_12_562 .tdb-title-line:after{\r\n\t\t\t\t\theight: 2px;\r\n\t\t\t\t\r\n\t\t\t\t\tbottom: 40%;\r\n\t\t\t\t}.tdi_12_562 .tdb-title-line{\r\n\t\t\t\t\theight: 50px;\r\n\t\t\t\t}.td-theme-wrap .tdi_12_562{\r\n\t\t\t\t\ttext-align: left;\r\n\t\t\t\t}.tdi_12_562 .tdb-first-letter{\r\n\t\t\t\t\tleft: -0.36em;\r\n\t\t\t\t\tright: auto;\r\n\t\t\t\t\r\n\t\t\t\t\tfont-family:Lora !important;font-size:64px !important;font-weight:700 !important;\r\n\t\t\t\t}\n<\/style><div class=\"tdb-block-inner td-fix-index\"><h1 class=\"tdb-title-text\">Sample Page Title<\/h1><div><\/div><div class=\"tdb-title-line\"><\/div><\/div><\/div><\/div><\/div><\/div><\/div><div id=\"tdi_13_1ae\" class=\"tdc-row\"><div class=\"vc_row tdi_14_a61  wpb_row td-pb-row\" >\n<style scoped>\n\n\/* custom css *\/\n.tdi_14_a61,\r\n                .tdi_14_a61 .tdc-columns{\r\n                    min-height: 0;\r\n                }.tdi_14_a61,\r\n\t\t\t\t.tdi_14_a61 .tdc-columns{\r\n\t\t\t\t    display: block;\r\n\t\t\t\t}.tdi_14_a61 .tdc-columns{\r\n\t\t\t\t    width: 100%;\r\n\t\t\t\t}\n<\/style><div class=\"vc_column tdi_16_965  wpb_column vc_column_container tdc-column td-pb-span12\">\n<style scoped>\n\n\/* custom css *\/\n.tdi_16_965{\r\n                    vertical-align: baseline;\r\n                }.tdi_16_965 > .wpb_wrapper,\r\n\t\t\t\t.tdi_16_965 > .wpb_wrapper > .tdc-elements{\r\n\t\t\t\t    display: block;\r\n\t\t\t\t}.tdi_16_965 > .wpb_wrapper > .tdc-elements{\r\n\t\t\t\t    width: 100%;\r\n\t\t\t\t}.tdi_16_965 > .wpb_wrapper{\r\n\t\t\t\t    width: auto;\r\n\t\t\t\t    height: auto;\r\n\t\t\t\t}\n<\/style><div class=\"wpb_wrapper\"><div class=\"td_block_wrap td_block_text_with_title tdi_17_aa4 tagdiv-type td-pb-border-top td_block_template_1\"  data-td-block-uid=\"tdi_17_aa4\" >\n<style>\n\n\/* inline tdc_css att *\/\n\n.tdi_17_aa4{\nmargin-top:20px !important;\nmargin-bottom:20px !important;\n}\n\n<\/style>\n<style>\n\/* custom css *\/\n.tdi_17_aa4,\r\n                .tdi_17_aa4 p{\r\n\t\t\t        font-family:Open Sans !important;font-size:16px !important;font-weight:400 !important;\r\n\t\t        }.tdi_17_aa4 h1{\r\n\t\t\t        font-family:Lora !important;font-size:28px !important;font-weight:700 !important;\r\n\t\t        }.tdi_17_aa4 h2{\r\n\t\t\t        font-family:Lora !important;font-size:26px !important;font-weight:700 !important;\r\n\t\t        }.tdi_17_aa4 h3{\r\n\t\t\t        font-family:Lora !important;font-size:24px !important;font-weight:700 !important;\r\n\t\t        }.tdi_17_aa4 h4{\r\n\t\t\t        font-family:Lora !important;font-size:22px !important;font-weight:700 !important;\r\n\t\t        }.tdi_17_aa4 h5{\r\n\t\t\t        font-family:Lora !important;font-size:20px !important;font-weight:700 !important;\r\n\t\t        }.tdi_17_aa4 h6{\r\n\t\t\t        font-family:Lora !important;font-size:18px !important;font-weight:700 !important;\r\n\t\t        }.tdi_17_aa4 li{\r\n\t\t\t        font-family:Open Sans !important;font-size:16px !important;font-weight:400 !important;\r\n\t\t        }.tdi_17_aa4 li:before{\r\n\t\t\t\t    margin-top: 1px;\r\n\t\t\t        line-height: 16px !important;\r\n\t\t        }.tdi_17_aa4 blockquote p{\r\n\t\t\t        font-family:Lora !important;font-size:16px !important;font-weight:600 !important;\r\n\t\t        }.tdi_17_aa4{\r\n\t\t\t        color: #444444;\r\n\t\t        }.tdi_17_aa4 h1,\r\n\t\t\t\t.tdi_17_aa4 h2,\r\n\t\t\t\t.tdi_17_aa4 h3,\r\n\t\t\t\t.tdi_17_aa4 h4,\r\n\t\t\t\t.tdi_17_aa4 h5,\r\n\t\t\t\t.tdi_17_aa4 h6{\r\n\t\t\t        color: #679966;\r\n\t\t        }.tdi_17_aa4 a{\r\n\t\t\t        color: #679966;\r\n\t\t        }.tdi_17_aa4 a:hover{\r\n\t\t\t        color: #527a52;\r\n\t\t        }\n<\/style><div class=\"td-block-title-wrap\"><\/div><div class=\"td_mod_wrap td-fix-index\"><p>AN TO\u00c0N M\u00d4I TR\u01af\u1edcNG c\u00f3 th\u1ec3 thay \u0111\u1ed5i c\u00e1c \u0111i\u1ec1u ki\u1ec7n s\u1eed d\u1ee5ng website v\u00e0 c\u1eadp nh\u1eadt th\u00f4ng tin tr\u00ean trang n\u00e0y.<\/p>\n<h2>B\u1ea3n quy\u1ec1n c\u1ee7a\u00a0<b>website An to\u00e0n M\u00f4i tr\u01b0\u1eddng<\/b><\/h2>\n<p>t\u1ea1i \u0111\u1ecba ch\u1ec9\u00a0<a href=\"https:\/\/2020.envisafety.com\/vi201\/\">https:\/\/2020.envisafety.com\/vi201<\/a> g\u1ed3m<\/p>\n<ul>\n<li>C\u00e1c b\u00e0i vi\u1ebft v\u00e0 h\u00ecnh \u1ea3nh ghi t\u00e1c gi\u1ea3 <span class=\"d_vi\">\u00a9 An to\u00e0n M\u00f4i tr\u01b0\u1eddng<\/span>, <span class=\"d_vi\">envisafety.com<\/span> hay <span class=\"d_vi\">Minh H\u1ea3i<\/span>, hay <span class=\"d_vi\">Tr\u1ea7n Minh H\u1ea3i<\/span>, hay <span class=\"d_vi\">tmhai<\/span><\/li>\n<\/ul>\n<h2>Th\u00f4ng tin mi\u1ec5n ph\u00ed<a id=\"mt_free\"><\/a><\/h2>\n<p>B\u1ea1n c\u00f3 th\u1ec3 th\u1ef1c hi\u1ec7n c\u00e1c thao t\u00e1c sau K\u00c8M THEO c\u00e1c \u0111i\u1ec1u ki\u1ec7n \u1edf m\u1ee5c \u201cV\u1edbi \u0111i\u1ec1u ki\u1ec7n s\u1eed d\u1ee5ng\u201d<\/p>\n<ul>\n<li>B\u1ea1n c\u00f3 th\u1ec3 T\u1ea2I V\u1ec0 xem, IN ra c\u00e1c B\u00c0I VI\u1ebeT tr\u00ean website An to\u00e0n M\u00f4i tr\u01b0\u1eddng.<\/li>\n<li>PH\u00c1T H\u00c0NH l\u1ea1i th\u00f4ng tin: B\u1ea1n c\u00f3 th\u1ec3 \u0111\u0103ng l\u1ea1i (ph\u00e1t h\u00e0nh) m\u1ed9t \u0111o\u1ea1n tr\u00edch (m\u1ed9t ph\u1ea7n n\u1ed9i dung) d\u01b0\u1edbi 25% n\u1ed9i dung m\u1ed9t b\u00e0i vi\u1ebft c\u00f3 t\u00ean t\u00e1c gi\u1ea3 l\u00e0 \u00a9 An to\u00e0n M\u00f4i tr\u01b0\u1eddng tr\u00ean trang web, b\u00e1o vi\u1ebft \u0111i\u1ec7n t\u1eed hay b\u1ea3n in\u2026 c\u1ee7a m\u00ecnh kh\u00f4ng c\u1ea7n xin ph\u00e9p. \u0110\u0103ng l\u1ea1i nhi\u1ec1u h\u01a1n 25% b\u00e0i vi\u1ebft c\u1ea7n xin ph\u00e9p.<\/li>\n<li>CH\u1ec8NH S\u1eecA n\u1ed9i dung: B\u1ea1n \u0111\u01b0\u1ee3c quy\u1ec1n ch\u1ec9nh s\u1eeda h\u00ecnh \u1ea3nh mi\u1ec5n ph\u00ed (kh\u00f4ng ghi t\u00e1c gi\u1ea3) \u0111\u1ec3 s\u1eed d\u1ee5ng ph\u00f9 h\u1ee3p v\u1edbi m\u1ee5c \u0111\u00edch c\u1ee7a m\u00ecnh.<\/li>\n<\/ul>\n<h2>V\u1edbi \u0111i\u1ec1u ki\u1ec7n s\u1eed d\u1ee5ng<a id=\"mt_dksd\"><\/a><\/h2>\n<p>B\u1ea1n c\u00f3 th\u1ec3 s\u1eed d\u1ee5ng\u00a0th\u00f4ng tin mi\u1ec5n ph\u00ed\u00a0c\u1ee7a website An to\u00e0n M\u00f4i tr\u01b0\u1eddng v\u1edbi c\u00e1c \u0111i\u1ec1u ki\u1ec7n ghi \u1edf \u0111\u00e2y:<\/p>\n<ul>\n<li>TR\u00cdCH D\u1eaaN to\u00e0n v\u0103n trong d\u1ea5u ngo\u1eb7c k\u00e9p (\u201d \u201c) ho\u1eb7c tr\u00edch d\u1eabn gi\u00e1n ti\u1ebfp (vi\u1ebft l\u1ea1i theo ng\u00f4n ng\u1eef c\u1ee7a c\u00e1 nh\u00e2n) \u0111\u1ec1u ph\u1ea3i c\u00f3 ghi t\u00e1c gi\u1ea3 v\u00e0 b\u00e0i vi\u1ebft trong t\u00e0i li\u1ec7u tham kh\u1ea3o.<\/li>\n<li>Ghi r\u00f5 NGU\u1ed2N TR\u00cdCH D\u1eaaN l\u00e0:\u00a0\u201c<span class=\"D_Vi\">An to\u00e0n M\u00f4i tr\u01b0\u1eddng:\u00a0<a href=\"https:\/\/2020.envisafety.com\/vi204\/\">https:\/\/2020.envisafety.com\/vi201\/<\/a><\/span>\u201c, c\u00f3 li\u00ean k\u1ebft d\u1ebfn trang c\u00f3 b\u00e0i tr\u00edch d\u1eabn \u1edf website An to\u00e0n M\u00f4i tr\u01b0\u1eddng; v\u00e0<\/li>\n<li>KH\u00d4NG \u0111\u01b0\u1ee3c d\u00f9ng cho m\u1ee5c \u0111\u00edch TH\u01af\u01a0NG M\u1ea0I: v\u00ed d\u1ee5 kh\u00f4ng \u0111\u01b0\u1ee3c b\u00e1n, cho thu\u00ea\u2026 ki\u1ebfm ti\u1ec1n tr\u00ean t\u00e0i li\u1ec7u to\u00e0n v\u0103n c\u1ee7a An to\u00e0n M\u00f4i tr\u01b0\u1eddng\u2026 v\u00e0<\/li>\n<li>Ghi r\u00f5 v\u1ec1 \u201cTh\u00f4ng tin mi\u1ec5n ph\u00ed\u201d v\u00e0 \u201c\u0110i\u1ec1u ki\u1ec7n s\u1eed d\u1ee5ng\u201d gi\u1ed1ng nh\u01b0 t\u00e1c gi\u1ea3 l\u00e0 An to\u00e0n M\u00f4i tr\u01b0\u1eddng \u0111\u00e3 ban h\u00e0nh \u1edf \u0111\u00e2y.<\/li>\n<\/ul>\n<h2>Kh\u00f4ng ch\u1ecbu tr\u00e1ch nhi\u1ec7m<\/h2>\n<p>Website An to\u00e0n M\u00f4i tr\u01b0\u1eddng KH\u00d4NG ch\u1ecbu tr\u00e1ch nhi\u1ec7m v\u1edbi c\u00e1c li\u00ean k\u1ebft ngo\u00e0i.<\/p>\n<\/div><\/div><\/div><\/div><\/div><\/div><\/div><\/div>","protected":false},"excerpt":{"rendered":"","protected":false},"author":1,"featured_media":0,"parent":0,"menu_order":0,"comment_status":"closed","ping_status":"closed","template":"","meta":[],"_links":{"self":[{"href":"https:\/\/2020.envisafety.com\/vi201\/wp-json\/wp\/v2\/pages\/61"}],"collection":[{"href":"https:\/\/2020.envisafety.com\/vi201\/wp-json\/wp\/v2\/pages"}],"about":[{"href":"https:\/\/2020.envisafety.com\/vi201\/wp-json\/wp\/v2\/types\/page"}],"author":[{"embeddable":true,"href":"https:\/\/2020.envisafety.com\/vi201\/wp-json\/wp\/v2\/users\/1"}],"replies":[{"embeddable":true,"href":"https:\/\/2020.envisafety.com\/vi201\/wp-json\/wp\/v2\/comments?post=61"}],"version-history":[{"count":16,"href":"https:\/\/2020.envisafety.com\/vi201\/wp-json\/wp\/v2\/pages\/61\/revisions"}],"predecessor-version":[{"id":3358,"href":"https:\/\/2020.envisafety.com\/vi201\/wp-json\/wp\/v2\/pages\/61\/revisions\/3358"}],"wp:attachment":[{"href":"https:\/\/2020.envisafety.com\/vi201\/wp-json\/wp\/v2\/media?parent=61"}],"curies":[{"name":"wp","href":"https:\/\/api.w.org\/{rel}","templated":true}]}}